{"id":39849,"date":"2025-10-20T16:18:44","date_gmt":"2025-10-20T14:18:44","guid":{"rendered":"https:\/\/www.litemedics.com\/?page_id=39849"},"modified":"2025-10-29T08:40:27","modified_gmt":"2025-10-29T07:40:27","slug":"periodontologia","status":"publish","type":"page","link":"https:\/\/www.litemedics.com\/pt-pt\/periodontologia\/","title":{"rendered":"Periodontologia"},"content":{"rendered":"\t\t<div data-elementor-type=\"wp-page\" data-elementor-id=\"39849\" class=\"elementor elementor-39849 elementor-39212\">\n\t\t\t\t<div class=\"elementor-element elementor-element-b5100a6 e-flex e-con-boxed cmsmasters-block-default e-con e-parent\" data-id=\"b5100a6\" data-element_type=\"container\" data-e-type=\"container\">\n\t\t\t\t\t<div class=\"e-con-inner\">\n\t\t<div class=\"elementor-element elementor-element-3084dd9 e-con-full e-flex cmsmasters-block-default e-con e-child\" data-id=\"3084dd9\" data-element_type=\"container\" data-e-type=\"container\">\n\t\t\t\t<div class=\"elementor-element elementor-element-09518f1 cmsmasters-block-default cmsmasters-sticky-default elementor-widget elementor-widget-heading\" data-id=\"09518f1\" data-element_type=\"widget\" data-e-type=\"widget\" data-widget_type=\"heading.default\">\n\t\t\t\t\t<h1 class=\"elementor-heading-title elementor-size-default\">Periodontologia<\/h1>\t\t\t\t<\/div>\n\t\t\t\t<div class=\"elementor-element elementor-element-c2ebadf cmsmasters-block-default cmsmasters-sticky-default elementor-widget elementor-widget-text-editor\" data-id=\"c2ebadf\" data-element_type=\"widget\" data-e-type=\"widget\" data-widget_type=\"text-editor.default\">\n\t\t\t\t\t\t\t\t\t<p>As fibras extremamente finas do laser irradiam \u00e1reas que, de outra forma, seriam dif\u00edceis de alcan\u00e7ar, reduzindo a quantidade de flora bacteriana subgengival.<\/p><p><strong>A luz laser descontamina profundamente as bolsas periodontais<\/strong>, evitando o aparecimento de complica\u00e7\u00f5es que, nos casos mais graves, podem levar \u00e0 perda do dente. No tratamento periodontal, \u00e9 sempre recomendada uma primeira passagem com o laser para aproveitar os seus<strong> efeitos analg\u00e9sicos<\/strong>, permitindo operar com outros instrumentos sem causar desconforto ao paciente. Em casos de recess\u00e3o gengival, o duplo efeito descontaminante e bioestimulante ajuda os tecidos moles a recuperar a sua forma fisiol\u00f3gica, no \u00e2mbito de uma terapia de higiene completa.<\/p>\t\t\t\t\t\t\t\t<\/div>\n\t\t\t\t<\/div>\n\t\t<div class=\"elementor-element elementor-element-06d9cb9 e-con-full e-flex cmsmasters-block-default e-con e-child\" data-id=\"06d9cb9\" data-element_type=\"container\" data-e-type=\"container\">\n\t\t<div class=\"elementor-element elementor-element-fddf71b e-con-full e-flex cmsmasters-block-default e-con e-child\" data-id=\"fddf71b\" data-element_type=\"container\" data-e-type=\"container\" data-settings=\"{&quot;background_background&quot;:&quot;classic&quot;}\">\n\t\t\t\t<div data-separate-animation-selector=\".cmsmasters-widget-icon-list-item\" data-text-animation-class=\"sequental, random, line, word, char\" class=\"elementor-element elementor-element-1608154 cmsmasters-widget-layout-row cmsmasters-widget-align-stretch cmsmasters-widget-direction-default cmsmasters-widget-marker-element-icon cmsmasters-widget-marker-view-default cmsmasters-block-default cmsmasters-sticky-default elementor-widget elementor-widget-cmsmasters-icon-list cmsmasters-widget-icon-list\" data-id=\"1608154\" data-element_type=\"widget\" data-e-type=\"widget\" data-widget_type=\"cmsmasters-icon-list.default\">\n\t\t\t\t\t\t\t<ul class=\"cmsmasters-widget-icon-list-items\">\r\n\t\t\t\t\t\t\t<li class=\"cmsmasters-widget-icon-list-item active-icon-item\">\r\n\t\t\t\t\t\t\t\t<span class=\"cmsmasters-widget-icon-list-item-text-wrap\">\r\n\t\t\t\t\t\t\t\t\t\t\t<span class=\"cmsmasters-widget-icon-list-item-icon\">\r\n\t\t\t\t\t\t\t<span>\r\n\t\t\t\t\t\t\t\t\t\t\t\t\t\t\t\t\t<svg aria-hidden=\"true\" class=\"e-font-icon-svg e-fas-check\" viewBox=\"0 0 512 512\" xmlns=\"http:\/\/www.w3.org\/2000\/svg\"><path d=\"M173.898 439.404l-166.4-166.4c-9.997-9.997-9.997-26.206 0-36.204l36.203-36.204c9.997-9.998 26.207-9.998 36.204 0L192 312.69 432.095 72.596c9.997-9.997 26.207-9.997 36.204 0l36.203 36.204c9.997 9.997 9.997 26.206 0 36.204l-294.4 294.401c-9.998 9.997-26.207 9.997-36.204-.001z\"><\/path><\/svg>\t\t\t\t\t\t\t\t\t\t\t\t\t\t\t<\/span>\r\n\t\t\t\t\t\t<\/span>\r\n\t\t\t\t\t\t\t\t\t\t<span class=\"cmsmasters-widget-icon-list-item-text-inner elementor-repeater-item-c2e427f\">\r\n\t\t\t\t\t\t<span class=\"cmsmasters-widget-icon-list-item-text\">\r\n\t\t\t\t\t\t\tTratamento de periodontites\t\t\t\t\t\t<\/span>\r\n\t\t\t\t\t\t\t\t\t\t\t<\/span>\r\n\t\t\t\t<\/span>\r\n\t\t\t\t\t\t\t\t<\/li>\r\n\t\t\t\t\t\t\t<li class=\"cmsmasters-widget-icon-list-item active-icon-item\">\r\n\t\t\t\t\t\t\t\t<span class=\"cmsmasters-widget-icon-list-item-text-wrap\">\r\n\t\t\t\t\t\t\t\t\t\t\t<span class=\"cmsmasters-widget-icon-list-item-icon\">\r\n\t\t\t\t\t\t\t<span>\r\n\t\t\t\t\t\t\t\t\t\t\t\t\t\t\t\t\t<svg aria-hidden=\"true\" class=\"e-font-icon-svg e-fas-check\" viewBox=\"0 0 512 512\" xmlns=\"http:\/\/www.w3.org\/2000\/svg\"><path d=\"M173.898 439.404l-166.4-166.4c-9.997-9.997-9.997-26.206 0-36.204l36.203-36.204c9.997-9.998 26.207-9.998 36.204 0L192 312.69 432.095 72.596c9.997-9.997 26.207-9.997 36.204 0l36.203 36.204c9.997 9.997 9.997 26.206 0 36.204l-294.4 294.401c-9.998 9.997-26.207 9.997-36.204-.001z\"><\/path><\/svg>\t\t\t\t\t\t\t\t\t\t\t\t\t\t\t<\/span>\r\n\t\t\t\t\t\t<\/span>\r\n\t\t\t\t\t\t\t\t\t\t<span class=\"cmsmasters-widget-icon-list-item-text-inner elementor-repeater-item-fac0f6d\">\r\n\t\t\t\t\t\t<span class=\"cmsmasters-widget-icon-list-item-text cmsmasters-widget-icon-list-item-text\">\r\n\t\t\t\t\t\t\tDescontamina\u00e7\u00e3o das bolsas gengivais\t\t\t\t\t\t<\/span>\r\n\t\t\t\t\t\t\t\t\t\t\t<\/span>\r\n\t\t\t\t<\/span>\r\n\t\t\t\t\t\t\t\t<\/li>\r\n\t\t\t\t\t\t\t<li class=\"cmsmasters-widget-icon-list-item active-icon-item\">\r\n\t\t\t\t\t\t\t\t<span class=\"cmsmasters-widget-icon-list-item-text-wrap\">\r\n\t\t\t\t\t\t\t\t\t\t\t<span class=\"cmsmasters-widget-icon-list-item-icon\">\r\n\t\t\t\t\t\t\t<span>\r\n\t\t\t\t\t\t\t\t\t\t\t\t\t\t\t\t\t<svg aria-hidden=\"true\" class=\"e-font-icon-svg e-fas-check\" viewBox=\"0 0 512 512\" xmlns=\"http:\/\/www.w3.org\/2000\/svg\"><path d=\"M173.898 439.404l-166.4-166.4c-9.997-9.997-9.997-26.206 0-36.204l36.203-36.204c9.997-9.998 26.207-9.998 36.204 0L192 312.69 432.095 72.596c9.997-9.997 26.207-9.997 36.204 0l36.203 36.204c9.997 9.997 9.997 26.206 0 36.204l-294.4 294.401c-9.998 9.997-26.207 9.997-36.204-.001z\"><\/path><\/svg>\t\t\t\t\t\t\t\t\t\t\t\t\t\t\t<\/span>\r\n\t\t\t\t\t\t<\/span>\r\n\t\t\t\t\t\t\t\t\t\t<span class=\"cmsmasters-widget-icon-list-item-text-inner elementor-repeater-item-f86804a\">\r\n\t\t\t\t\t\t<span class=\"cmsmasters-widget-icon-list-item-text cmsmasters-widget-icon-list-item-text cmsmasters-widget-icon-list-item-text\">\r\n\t\t\t\t\t\t\tRedu\u00e7\u00e3o de edema e inflama\u00e7\u00f5es\t\t\t\t\t\t<\/span>\r\n\t\t\t\t\t\t\t\t\t\t\t<\/span>\r\n\t\t\t\t<\/span>\r\n\t\t\t\t\t\t\t\t<\/li>\r\n\t\t\t\t\t\t\t<li class=\"cmsmasters-widget-icon-list-item active-icon-item\">\r\n\t\t\t\t\t\t\t\t<span class=\"cmsmasters-widget-icon-list-item-text-wrap\">\r\n\t\t\t\t\t\t\t\t\t\t\t<span class=\"cmsmasters-widget-icon-list-item-icon\">\r\n\t\t\t\t\t\t\t<span>\r\n\t\t\t\t\t\t\t\t\t\t\t\t\t\t\t\t\t<svg aria-hidden=\"true\" class=\"e-font-icon-svg e-fas-check\" viewBox=\"0 0 512 512\" xmlns=\"http:\/\/www.w3.org\/2000\/svg\"><path d=\"M173.898 439.404l-166.4-166.4c-9.997-9.997-9.997-26.206 0-36.204l36.203-36.204c9.997-9.998 26.207-9.998 36.204 0L192 312.69 432.095 72.596c9.997-9.997 26.207-9.997 36.204 0l36.203 36.204c9.997 9.997 9.997 26.206 0 36.204l-294.4 294.401c-9.998 9.997-26.207 9.997-36.204-.001z\"><\/path><\/svg>\t\t\t\t\t\t\t\t\t\t\t\t\t\t\t<\/span>\r\n\t\t\t\t\t\t<\/span>\r\n\t\t\t\t\t\t\t\t\t\t<span class=\"cmsmasters-widget-icon-list-item-text-inner elementor-repeater-item-b42fd68\">\r\n\t\t\t\t\t\t<span class=\"cmsmasters-widget-icon-list-item-text cmsmasters-widget-icon-list-item-text cmsmasters-widget-icon-list-item-text cmsmasters-widget-icon-list-item-text\">\r\n\t\t\t\t\t\t\tDescontamina\u00e7\u00e3o preventiva em higiene\t\t\t\t\t\t<\/span>\r\n\t\t\t\t\t\t\t\t\t\t\t<\/span>\r\n\t\t\t\t<\/span>\r\n\t\t\t\t\t\t\t\t<\/li>\r\n\t\t\t\t\t<\/ul>\r\n\t\t\t\t\t\t<\/div>\n\t\t\t\t<\/div>\n\t\t<div class=\"elementor-element elementor-element-be8c569 e-con-full e-flex cmsmasters-block-default e-con e-child\" data-id=\"be8c569\" data-element_type=\"container\" data-e-type=\"container\" data-settings=\"{&quot;background_background&quot;:&quot;classic&quot;}\">\n\t\t\t\t<div class=\"elementor-element elementor-element-0b195ff cmsmasters-block-default cmsmasters-sticky-default elementor-widget elementor-widget-heading\" data-id=\"0b195ff\" data-element_type=\"widget\" data-e-type=\"widget\" data-widget_type=\"heading.default\">\n\t\t\t\t\t<h2 class=\"elementor-heading-title elementor-size-default\">LASERS COM APLICA\u00c7\u00d5ES <BR>EM PERIODONTOLOGIA<\/h2>\t\t\t\t<\/div>\n\t\t\t\t<div data-separate-animation-selector=\".cmsmasters-widget-icon-list-item\" data-text-animation-class=\"sequental, random, line, word, char\" class=\"elementor-element elementor-element-90dc6c4 cmsmasters-widget-layout-row cmsmasters-widget-align-stretch cmsmasters-widget-direction-default cmsmasters-widget-marker-element-icon cmsmasters-widget-marker-view-default cmsmasters-block-default cmsmasters-sticky-default elementor-widget elementor-widget-cmsmasters-icon-list cmsmasters-widget-icon-list\" data-id=\"90dc6c4\" data-element_type=\"widget\" data-e-type=\"widget\" data-widget_type=\"cmsmasters-icon-list.default\">\n\t\t\t\t\t\t\t<ul class=\"cmsmasters-widget-icon-list-items\">\r\n\t\t\t\t\t\t\t<li class=\"cmsmasters-widget-icon-list-item active-icon-item\">\r\n\t\t\t\t\t\t\t\t<span class=\"cmsmasters-widget-icon-list-item-text-wrap\">\r\n\t\t\t\t\t\t\t\t\t\t\t<span class=\"cmsmasters-widget-icon-list-item-icon\">\r\n\t\t\t\t\t\t\t<span>\r\n\t\t\t\t\t\t\t\t\t\t\t\t\t\t\t\t\t<i aria-hidden=\"true\" class=\"cmsdemo-icon- cms-demo-icon-arrow-diagonal\"><\/i>\t\t\t\t\t\t\t\t\t\t\t\t\t\t\t<\/span>\r\n\t\t\t\t\t\t<\/span>\r\n\t\t\t\t\t\t\t\t\t\t<span class=\"cmsmasters-widget-icon-list-item-text-inner elementor-repeater-item-c2e427f active-link-item\">\r\n\t\t\t\t\t\t<span class=\"cmsmasters-widget-icon-list-item-text\">\r\n\t\t\t\t\t\t\t<a href=\"https:\/\/www.litemedics.com\/pt-pt\/myarhes\/\">myARHES<\/a>\t\t\t\t\t\t<\/span>\r\n\t\t\t\t\t\t\t\t\t\t\t<\/span>\r\n\t\t\t\t<\/span>\r\n\t\t\t\t\t\t\t\t<\/li>\r\n\t\t\t\t\t\t\t<li class=\"cmsmasters-widget-icon-list-item active-icon-item\">\r\n\t\t\t\t\t\t\t\t<span class=\"cmsmasters-widget-icon-list-item-text-wrap\">\r\n\t\t\t\t\t\t\t\t\t\t\t<span class=\"cmsmasters-widget-icon-list-item-icon\">\r\n\t\t\t\t\t\t\t<span>\r\n\t\t\t\t\t\t\t\t\t\t\t\t\t\t\t\t\t<i aria-hidden=\"true\" class=\"cmsdemo-icon- cms-demo-icon-arrow-diagonal\"><\/i>\t\t\t\t\t\t\t\t\t\t\t\t\t\t\t<\/span>\r\n\t\t\t\t\t\t<\/span>\r\n\t\t\t\t\t\t\t\t\t\t<span class=\"cmsmasters-widget-icon-list-item-text-inner elementor-repeater-item-fac0f6d active-link-item\">\r\n\t\t\t\t\t\t<span class=\"cmsmasters-widget-icon-list-item-text cmsmasters-widget-icon-list-item-text\">\r\n\t\t\t\t\t\t\t<a href=\"https:\/\/www.litemedics.com\/pt-pt\/myathena\/\"> myATHENA<\/a>\t\t\t\t\t\t<\/span>\r\n\t\t\t\t\t\t\t\t\t\t\t<\/span>\r\n\t\t\t\t<\/span>\r\n\t\t\t\t\t\t\t\t<\/li>\r\n\t\t\t\t\t\t\t<li class=\"cmsmasters-widget-icon-list-item active-icon-item\">\r\n\t\t\t\t\t\t\t\t<span class=\"cmsmasters-widget-icon-list-item-text-wrap\">\r\n\t\t\t\t\t\t\t\t\t\t\t<span class=\"cmsmasters-widget-icon-list-item-icon\">\r\n\t\t\t\t\t\t\t<span>\r\n\t\t\t\t\t\t\t\t\t\t\t\t\t\t\t\t\t<i aria-hidden=\"true\" class=\"cmsdemo-icon- cms-demo-icon-arrow-diagonal\"><\/i>\t\t\t\t\t\t\t\t\t\t\t\t\t\t\t<\/span>\r\n\t\t\t\t\t\t<\/span>\r\n\t\t\t\t\t\t\t\t\t\t<span class=\"cmsmasters-widget-icon-list-item-text-inner elementor-repeater-item-c3ccead active-link-item\">\r\n\t\t\t\t\t\t<span class=\"cmsmasters-widget-icon-list-item-text cmsmasters-widget-icon-list-item-text cmsmasters-widget-icon-list-item-text\">\r\n\t\t\t\t\t\t\t<a href=\"https:\/\/www.litemedics.com\/pt-pt\/myzheus\/\">myZHEUS<\/a>\t\t\t\t\t\t<\/span>\r\n\t\t\t\t\t\t\t\t\t\t\t<\/span>\r\n\t\t\t\t<\/span>\r\n\t\t\t\t\t\t\t\t<\/li>\r\n\t\t\t\t\t<\/ul>\r\n\t\t\t\t\t\t<\/div>\n\t\t\t\t<\/div>\n\t\t\t\t<\/div>\n\t\t\t\t\t<\/div>\n\t\t\t\t<\/div>\n\t\t\t\t<\/div>\n\t\t","protected":false},"excerpt":{"rendered":"<p>Periodontologia As fibras extremamente finas do laser irradiam \u00e1reas que, de outra forma, seriam dif\u00edceis de alcan\u00e7ar, reduzindo a quantidade de flora bacteriana subgengival. A luz laser descontamina profundamente as bolsas periodontais, evitando o aparecimento de complica\u00e7\u00f5es que, nos casos mais graves, podem levar \u00e0 perda do dente. No tratamento periodontal, \u00e9 sempre recomendada uma&#8230;<\/p>\n","protected":false},"author":3,"featured_media":0,"parent":0,"menu_order":0,"comment_status":"closed","ping_status":"closed","template":"","meta":{"_acf_changed":false,"footnotes":""},"class_list":["post-39849","page","type-page","status-publish","hentry"],"acf":[],"yoast_head":"<!-- This site is optimized with the Yoast SEO plugin v27.2 - https:\/\/yoast.com\/product\/yoast-seo-wordpress\/ -->\n<title>Aplica\u00e7\u00f5es do laser em periodontologia \u2013 Litemedics<\/title>\n<meta name=\"description\" content=\"Descobre as aplica\u00e7\u00f5es dos lasers Litemedics em periodontologia.\" \/>\n<meta name=\"robots\" content=\"index, follow, max-snippet:-1, max-image-preview:large, max-video-preview:-1\" \/>\n<link rel=\"canonical\" href=\"https:\/\/www.litemedics.com\/pt-pt\/periodontologia\/\" \/>\n<meta property=\"og:locale\" content=\"pt_PT\" \/>\n<meta property=\"og:type\" content=\"article\" \/>\n<meta property=\"og:title\" content=\"Aplica\u00e7\u00f5es do laser em periodontologia \u2013 Litemedics\" \/>\n<meta property=\"og:description\" content=\"Descobre as aplica\u00e7\u00f5es dos lasers Litemedics em periodontologia.\" \/>\n<meta property=\"og:url\" content=\"https:\/\/www.litemedics.com\/pt-pt\/periodontologia\/\" \/>\n<meta property=\"og:site_name\" content=\"Litemedics\" \/>\n<meta property=\"article:modified_time\" content=\"2025-10-29T07:40:27+00:00\" \/>\n<meta name=\"twitter:card\" content=\"summary_large_image\" \/>\n<script type=\"application\/ld+json\" class=\"yoast-schema-graph\">{\"@context\":\"https:\/\/schema.org\",\"@graph\":[{\"@type\":\"WebPage\",\"@id\":\"https:\/\/www.litemedics.com\/pt-pt\/periodontologia\/\",\"url\":\"https:\/\/www.litemedics.com\/pt-pt\/periodontologia\/\",\"name\":\"Aplica\u00e7\u00f5es do laser em periodontologia \u2013 Litemedics\",\"isPartOf\":{\"@id\":\"https:\/\/www.litemedics.com\/pt-pt\/#website\"},\"datePublished\":\"2025-10-20T14:18:44+00:00\",\"dateModified\":\"2025-10-29T07:40:27+00:00\",\"description\":\"Descobre as aplica\u00e7\u00f5es dos lasers Litemedics em periodontologia.\",\"breadcrumb\":{\"@id\":\"https:\/\/www.litemedics.com\/pt-pt\/periodontologia\/#breadcrumb\"},\"inLanguage\":\"pt-PT\",\"potentialAction\":[{\"@type\":\"ReadAction\",\"target\":[\"https:\/\/www.litemedics.com\/pt-pt\/periodontologia\/\"]}]},{\"@type\":\"BreadcrumbList\",\"@id\":\"https:\/\/www.litemedics.com\/pt-pt\/periodontologia\/#breadcrumb\",\"itemListElement\":[{\"@type\":\"ListItem\",\"position\":1,\"name\":\"Home\",\"item\":\"https:\/\/www.litemedics.com\/pt-pt\/\"},{\"@type\":\"ListItem\",\"position\":2,\"name\":\"Periodontologia\"}]},{\"@type\":\"WebSite\",\"@id\":\"https:\/\/www.litemedics.com\/pt-pt\/#website\",\"url\":\"https:\/\/www.litemedics.com\/pt-pt\/\",\"name\":\"Litemedics\",\"description\":\"Laser Odontoiatrici Litemedics\",\"potentialAction\":[{\"@type\":\"SearchAction\",\"target\":{\"@type\":\"EntryPoint\",\"urlTemplate\":\"https:\/\/www.litemedics.com\/pt-pt\/?s={search_term_string}\"},\"query-input\":{\"@type\":\"PropertyValueSpecification\",\"valueRequired\":true,\"valueName\":\"search_term_string\"}}],\"inLanguage\":\"pt-PT\"}]}<\/script>\n<!-- \/ Yoast SEO plugin. -->","yoast_head_json":{"title":"Aplica\u00e7\u00f5es do laser em periodontologia \u2013 Litemedics","description":"Descobre as aplica\u00e7\u00f5es dos lasers Litemedics em periodontologia.","robots":{"index":"index","follow":"follow","max-snippet":"max-snippet:-1","max-image-preview":"max-image-preview:large","max-video-preview":"max-video-preview:-1"},"canonical":"https:\/\/www.litemedics.com\/pt-pt\/periodontologia\/","og_locale":"pt_PT","og_type":"article","og_title":"Aplica\u00e7\u00f5es do laser em periodontologia \u2013 Litemedics","og_description":"Descobre as aplica\u00e7\u00f5es dos lasers Litemedics em periodontologia.","og_url":"https:\/\/www.litemedics.com\/pt-pt\/periodontologia\/","og_site_name":"Litemedics","article_modified_time":"2025-10-29T07:40:27+00:00","twitter_card":"summary_large_image","schema":{"@context":"https:\/\/schema.org","@graph":[{"@type":"WebPage","@id":"https:\/\/www.litemedics.com\/pt-pt\/periodontologia\/","url":"https:\/\/www.litemedics.com\/pt-pt\/periodontologia\/","name":"Aplica\u00e7\u00f5es do laser em periodontologia \u2013 Litemedics","isPartOf":{"@id":"https:\/\/www.litemedics.com\/pt-pt\/#website"},"datePublished":"2025-10-20T14:18:44+00:00","dateModified":"2025-10-29T07:40:27+00:00","description":"Descobre as aplica\u00e7\u00f5es dos lasers Litemedics em periodontologia.","breadcrumb":{"@id":"https:\/\/www.litemedics.com\/pt-pt\/periodontologia\/#breadcrumb"},"inLanguage":"pt-PT","potentialAction":[{"@type":"ReadAction","target":["https:\/\/www.litemedics.com\/pt-pt\/periodontologia\/"]}]},{"@type":"BreadcrumbList","@id":"https:\/\/www.litemedics.com\/pt-pt\/periodontologia\/#breadcrumb","itemListElement":[{"@type":"ListItem","position":1,"name":"Home","item":"https:\/\/www.litemedics.com\/pt-pt\/"},{"@type":"ListItem","position":2,"name":"Periodontologia"}]},{"@type":"WebSite","@id":"https:\/\/www.litemedics.com\/pt-pt\/#website","url":"https:\/\/www.litemedics.com\/pt-pt\/","name":"Litemedics","description":"Laser Odontoiatrici Litemedics","potentialAction":[{"@type":"SearchAction","target":{"@type":"EntryPoint","urlTemplate":"https:\/\/www.litemedics.com\/pt-pt\/?s={search_term_string}"},"query-input":{"@type":"PropertyValueSpecification","valueRequired":true,"valueName":"search_term_string"}}],"inLanguage":"pt-PT"}]}},"_links":{"self":[{"href":"https:\/\/www.litemedics.com\/pt-pt\/wp-json\/wp\/v2\/pages\/39849","targetHints":{"allow":["GET"]}}],"collection":[{"href":"https:\/\/www.litemedics.com\/pt-pt\/wp-json\/wp\/v2\/pages"}],"about":[{"href":"https:\/\/www.litemedics.com\/pt-pt\/wp-json\/wp\/v2\/types\/page"}],"author":[{"embeddable":true,"href":"https:\/\/www.litemedics.com\/pt-pt\/wp-json\/wp\/v2\/users\/3"}],"replies":[{"embeddable":true,"href":"https:\/\/www.litemedics.com\/pt-pt\/wp-json\/wp\/v2\/comments?post=39849"}],"version-history":[{"count":11,"href":"https:\/\/www.litemedics.com\/pt-pt\/wp-json\/wp\/v2\/pages\/39849\/revisions"}],"predecessor-version":[{"id":42043,"href":"https:\/\/www.litemedics.com\/pt-pt\/wp-json\/wp\/v2\/pages\/39849\/revisions\/42043"}],"wp:attachment":[{"href":"https:\/\/www.litemedics.com\/pt-pt\/wp-json\/wp\/v2\/media?parent=39849"}],"curies":[{"name":"wp","href":"https:\/\/api.w.org\/{rel}","templated":true}]}}