{"id":42914,"date":"2025-10-20T17:26:48","date_gmt":"2025-10-20T15:26:48","guid":{"rendered":"https:\/\/www.litemedics.com\/estetica-dentale\/"},"modified":"2026-03-05T14:09:11","modified_gmt":"2026-03-05T13:09:11","slug":"estetyka-stomatologiczna","status":"publish","type":"page","link":"https:\/\/www.litemedics.com\/pl\/estetyka-stomatologiczna\/","title":{"rendered":"Estetyka stomatologiczna"},"content":{"rendered":"\t\t<div data-elementor-type=\"wp-page\" data-elementor-id=\"42914\" class=\"elementor elementor-42914 elementor-39339\">\n\t\t\t\t<div class=\"elementor-element elementor-element-17ea4ca e-flex e-con-boxed cmsmasters-block-default e-con e-parent\" data-id=\"17ea4ca\" data-element_type=\"container\" data-e-type=\"container\">\n\t\t\t\t\t<div class=\"e-con-inner\">\n\t\t<div class=\"elementor-element elementor-element-d5f680e e-con-full e-flex cmsmasters-block-default e-con e-child\" data-id=\"d5f680e\" data-element_type=\"container\" data-e-type=\"container\">\n\t\t\t\t<div class=\"elementor-element elementor-element-281e15d cmsmasters-block-default cmsmasters-sticky-default elementor-widget elementor-widget-heading\" data-id=\"281e15d\" data-element_type=\"widget\" data-e-type=\"widget\" data-widget_type=\"heading.default\">\n\t\t\t\t\t<h2 class=\"elementor-heading-title elementor-size-default\">Stomatologia estetyczna <\/h2>\t\t\t\t<\/div>\n\t\t\t\t<div class=\"elementor-element elementor-element-857ce6f cmsmasters-block-default cmsmasters-sticky-default elementor-widget elementor-widget-text-editor\" data-id=\"857ce6f\" data-element_type=\"widget\" data-e-type=\"widget\" data-widget_type=\"text-editor.default\">\n\t\t\t\t\t\t\t\t\t<p data-start=\"0\" data-end=\"326\">Wybielanie z\u0119b\u00f3w przy u\u017cyciu lasera diodowego pozwala szybko i skutecznie uzyska\u0107 <strong data-start=\"82\" data-end=\"151\">naturalny, bia\u0142y kolor zdrowych z\u0119b\u00f3w w spos\u00f3b szybki i skuteczny<\/strong>, bez ryzyka uszkodze\u0144 czy nadwra\u017cliwo\u015bci. Wykorzystanie lasera do \u201eaktywacji\u201d nadtlenku <strong data-start=\"240\" data-end=\"272\">przyspiesza proces aplikacji<\/strong>, skracaj\u0105c sesj\u0119 wybielania do zaledwie <strong data-start=\"313\" data-end=\"325\">30 minut<\/strong>.<\/p><p data-start=\"328\" data-end=\"512\" data-is-last-node=\"\" data-is-only-node=\"\">W stomatologii estetycznej laser sprawdza si\u0119 r\u00f3wnie\u017c w zabiegach depigmentacji dzi\u0105se\u0142 oraz modelowania konturu dzi\u0105se\u0142 w celu korekty u\u015bmiechu dzi\u0105s\u0142owego, <strong data-start=\"486\" data-end=\"511\">bez b\u00f3lu i krwawienia<\/strong>.<\/p>\t\t\t\t\t\t\t\t<\/div>\n\t\t\t\t<\/div>\n\t\t<div class=\"elementor-element elementor-element-750b61b e-con-full e-flex cmsmasters-block-default e-con e-child\" data-id=\"750b61b\" data-element_type=\"container\" data-e-type=\"container\">\n\t\t<div class=\"elementor-element elementor-element-2e8403b e-con-full e-flex cmsmasters-block-default e-con e-child\" data-id=\"2e8403b\" data-element_type=\"container\" data-e-type=\"container\" data-settings=\"{&quot;background_background&quot;:&quot;classic&quot;}\">\n\t\t\t\t<div data-separate-animation-selector=\".cmsmasters-widget-icon-list-item\" data-text-animation-class=\"sequental, random, line, word, char\" class=\"elementor-element elementor-element-47d58a3 cmsmasters-widget-layout-row cmsmasters-widget-align-stretch cmsmasters-widget-direction-default cmsmasters-widget-marker-element-icon cmsmasters-widget-marker-view-default cmsmasters-block-default cmsmasters-sticky-default elementor-widget elementor-widget-cmsmasters-icon-list cmsmasters-widget-icon-list\" data-id=\"47d58a3\" data-element_type=\"widget\" data-e-type=\"widget\" data-widget_type=\"cmsmasters-icon-list.default\">\n\t\t\t\t\t\t\t<ul class=\"cmsmasters-widget-icon-list-items\">\r\n\t\t\t\t\t\t\t<li class=\"cmsmasters-widget-icon-list-item active-icon-item\">\r\n\t\t\t\t\t\t\t\t<span class=\"cmsmasters-widget-icon-list-item-text-wrap\">\r\n\t\t\t\t\t\t\t\t\t\t\t<span class=\"cmsmasters-widget-icon-list-item-icon\">\r\n\t\t\t\t\t\t\t<span>\r\n\t\t\t\t\t\t\t\t\t\t\t\t\t\t\t\t\t<svg aria-hidden=\"true\" class=\"e-font-icon-svg e-fas-check\" viewBox=\"0 0 512 512\" xmlns=\"http:\/\/www.w3.org\/2000\/svg\"><path d=\"M173.898 439.404l-166.4-166.4c-9.997-9.997-9.997-26.206 0-36.204l36.203-36.204c9.997-9.998 26.207-9.998 36.204 0L192 312.69 432.095 72.596c9.997-9.997 26.207-9.997 36.204 0l36.203 36.204c9.997 9.997 9.997 26.206 0 36.204l-294.4 294.401c-9.998 9.997-26.207 9.997-36.204-.001z\"><\/path><\/svg>\t\t\t\t\t\t\t\t\t\t\t\t\t\t\t<\/span>\r\n\t\t\t\t\t\t<\/span>\r\n\t\t\t\t\t\t\t\t\t\t<span class=\"cmsmasters-widget-icon-list-item-text-inner elementor-repeater-item-c2e427f\">\r\n\t\t\t\t\t\t<span class=\"cmsmasters-widget-icon-list-item-text\">\r\n\t\t\t\t\t\t\tWybielanie z\u0119b\u00f3w\t\t\t\t\t\t<\/span>\r\n\t\t\t\t\t\t\t\t\t\t\t<\/span>\r\n\t\t\t\t<\/span>\r\n\t\t\t\t\t\t\t\t<\/li>\r\n\t\t\t\t\t\t\t<li class=\"cmsmasters-widget-icon-list-item active-icon-item\">\r\n\t\t\t\t\t\t\t\t<span class=\"cmsmasters-widget-icon-list-item-text-wrap\">\r\n\t\t\t\t\t\t\t\t\t\t\t<span class=\"cmsmasters-widget-icon-list-item-icon\">\r\n\t\t\t\t\t\t\t<span>\r\n\t\t\t\t\t\t\t\t\t\t\t\t\t\t\t\t\t<svg aria-hidden=\"true\" class=\"e-font-icon-svg e-fas-check\" viewBox=\"0 0 512 512\" xmlns=\"http:\/\/www.w3.org\/2000\/svg\"><path d=\"M173.898 439.404l-166.4-166.4c-9.997-9.997-9.997-26.206 0-36.204l36.203-36.204c9.997-9.998 26.207-9.998 36.204 0L192 312.69 432.095 72.596c9.997-9.997 26.207-9.997 36.204 0l36.203 36.204c9.997 9.997 9.997 26.206 0 36.204l-294.4 294.401c-9.998 9.997-26.207 9.997-36.204-.001z\"><\/path><\/svg>\t\t\t\t\t\t\t\t\t\t\t\t\t\t\t<\/span>\r\n\t\t\t\t\t\t<\/span>\r\n\t\t\t\t\t\t\t\t\t\t<span class=\"cmsmasters-widget-icon-list-item-text-inner elementor-repeater-item-fac0f6d\">\r\n\t\t\t\t\t\t<span class=\"cmsmasters-widget-icon-list-item-text cmsmasters-widget-icon-list-item-text\">\r\n\t\t\t\t\t\t\tDepigmentacja dzi\u0105se\u0142\t\t\t\t\t\t<\/span>\r\n\t\t\t\t\t\t\t\t\t\t\t<\/span>\r\n\t\t\t\t<\/span>\r\n\t\t\t\t\t\t\t\t<\/li>\r\n\t\t\t\t\t\t\t<li class=\"cmsmasters-widget-icon-list-item active-icon-item\">\r\n\t\t\t\t\t\t\t\t<span class=\"cmsmasters-widget-icon-list-item-text-wrap\">\r\n\t\t\t\t\t\t\t\t\t\t\t<span class=\"cmsmasters-widget-icon-list-item-icon\">\r\n\t\t\t\t\t\t\t<span>\r\n\t\t\t\t\t\t\t\t\t\t\t\t\t\t\t\t\t<svg aria-hidden=\"true\" class=\"e-font-icon-svg e-fas-check\" viewBox=\"0 0 512 512\" xmlns=\"http:\/\/www.w3.org\/2000\/svg\"><path d=\"M173.898 439.404l-166.4-166.4c-9.997-9.997-9.997-26.206 0-36.204l36.203-36.204c9.997-9.998 26.207-9.998 36.204 0L192 312.69 432.095 72.596c9.997-9.997 26.207-9.997 36.204 0l36.203 36.204c9.997 9.997 9.997 26.206 0 36.204l-294.4 294.401c-9.998 9.997-26.207 9.997-36.204-.001z\"><\/path><\/svg>\t\t\t\t\t\t\t\t\t\t\t\t\t\t\t<\/span>\r\n\t\t\t\t\t\t<\/span>\r\n\t\t\t\t\t\t\t\t\t\t<span class=\"cmsmasters-widget-icon-list-item-text-inner elementor-repeater-item-f86804a\">\r\n\t\t\t\t\t\t<span class=\"cmsmasters-widget-icon-list-item-text cmsmasters-widget-icon-list-item-text cmsmasters-widget-icon-list-item-text\">\r\n\t\t\t\t\t\t\tKorekta u\u015bmiechu dzi\u0105s\u0142owego\t\t\t\t\t\t<\/span>\r\n\t\t\t\t\t\t\t\t\t\t\t<\/span>\r\n\t\t\t\t<\/span>\r\n\t\t\t\t\t\t\t\t<\/li>\r\n\t\t\t\t\t<\/ul>\r\n\t\t\t\t\t\t<\/div>\n\t\t\t\t<\/div>\n\t\t<div class=\"elementor-element elementor-element-004903a e-con-full e-flex cmsmasters-block-default e-con e-child\" data-id=\"004903a\" data-element_type=\"container\" data-e-type=\"container\" data-settings=\"{&quot;background_background&quot;:&quot;classic&quot;}\">\n\t\t\t\t<div class=\"elementor-element elementor-element-98d8390 cmsmasters-block-default cmsmasters-sticky-default elementor-widget elementor-widget-heading\" data-id=\"98d8390\" data-element_type=\"widget\" data-e-type=\"widget\" data-widget_type=\"heading.default\">\n\t\t\t\t\t<h2 class=\"elementor-heading-title elementor-size-default\">LASERY ZASTOSOWANE <br> W STOMATOLOGII ESTETYCZNEJ<\/h2>\t\t\t\t<\/div>\n\t\t\t\t<div data-separate-animation-selector=\".cmsmasters-widget-icon-list-item\" data-text-animation-class=\"sequental, random, line, word, char\" class=\"elementor-element elementor-element-e1c2c08 cmsmasters-widget-layout-row cmsmasters-widget-align-stretch cmsmasters-widget-direction-default cmsmasters-widget-marker-element-icon cmsmasters-widget-marker-view-default cmsmasters-block-default cmsmasters-sticky-default elementor-widget elementor-widget-cmsmasters-icon-list cmsmasters-widget-icon-list\" data-id=\"e1c2c08\" data-element_type=\"widget\" data-e-type=\"widget\" data-widget_type=\"cmsmasters-icon-list.default\">\n\t\t\t\t\t\t\t<ul class=\"cmsmasters-widget-icon-list-items\">\r\n\t\t\t\t\t\t\t<li class=\"cmsmasters-widget-icon-list-item active-icon-item\">\r\n\t\t\t\t\t\t\t\t<span class=\"cmsmasters-widget-icon-list-item-text-wrap\">\r\n\t\t\t\t\t\t\t\t\t\t\t<span class=\"cmsmasters-widget-icon-list-item-icon\">\r\n\t\t\t\t\t\t\t<span>\r\n\t\t\t\t\t\t\t\t\t\t\t\t\t\t\t\t\t<i aria-hidden=\"true\" class=\"cmsdemo-icon- cms-demo-icon-arrow-diagonal\"><\/i>\t\t\t\t\t\t\t\t\t\t\t\t\t\t\t<\/span>\r\n\t\t\t\t\t\t<\/span>\r\n\t\t\t\t\t\t\t\t\t\t<span class=\"cmsmasters-widget-icon-list-item-text-inner elementor-repeater-item-c2e427f active-link-item\">\r\n\t\t\t\t\t\t<span class=\"cmsmasters-widget-icon-list-item-text\">\r\n\t\t\t\t\t\t\t<a href=\"https:\/\/www.litemedics.com\/pl\/myarhes\/\">myARHES<\/a>\t\t\t\t\t\t<\/span>\r\n\t\t\t\t\t\t\t\t\t\t\t<\/span>\r\n\t\t\t\t<\/span>\r\n\t\t\t\t\t\t\t\t<\/li>\r\n\t\t\t\t\t\t\t<li class=\"cmsmasters-widget-icon-list-item active-icon-item\">\r\n\t\t\t\t\t\t\t\t<span class=\"cmsmasters-widget-icon-list-item-text-wrap\">\r\n\t\t\t\t\t\t\t\t\t\t\t<span class=\"cmsmasters-widget-icon-list-item-icon\">\r\n\t\t\t\t\t\t\t<span>\r\n\t\t\t\t\t\t\t\t\t\t\t\t\t\t\t\t\t<i aria-hidden=\"true\" class=\"cmsdemo-icon- cms-demo-icon-arrow-diagonal\"><\/i>\t\t\t\t\t\t\t\t\t\t\t\t\t\t\t<\/span>\r\n\t\t\t\t\t\t<\/span>\r\n\t\t\t\t\t\t\t\t\t\t<span class=\"cmsmasters-widget-icon-list-item-text-inner elementor-repeater-item-fac0f6d active-link-item\">\r\n\t\t\t\t\t\t<span class=\"cmsmasters-widget-icon-list-item-text cmsmasters-widget-icon-list-item-text\">\r\n\t\t\t\t\t\t\t<a href=\"https:\/\/www.litemedics.com\/pl\/myathena\/\"> myATHENA<\/a>\t\t\t\t\t\t<\/span>\r\n\t\t\t\t\t\t\t\t\t\t\t<\/span>\r\n\t\t\t\t<\/span>\r\n\t\t\t\t\t\t\t\t<\/li>\r\n\t\t\t\t\t\t\t<li class=\"cmsmasters-widget-icon-list-item active-icon-item\">\r\n\t\t\t\t\t\t\t\t<span class=\"cmsmasters-widget-icon-list-item-text-wrap\">\r\n\t\t\t\t\t\t\t\t\t\t\t<span class=\"cmsmasters-widget-icon-list-item-icon\">\r\n\t\t\t\t\t\t\t<span>\r\n\t\t\t\t\t\t\t\t\t\t\t\t\t\t\t\t\t<i aria-hidden=\"true\" class=\"cmsdemo-icon- cms-demo-icon-arrow-diagonal\"><\/i>\t\t\t\t\t\t\t\t\t\t\t\t\t\t\t<\/span>\r\n\t\t\t\t\t\t<\/span>\r\n\t\t\t\t\t\t\t\t\t\t<span class=\"cmsmasters-widget-icon-list-item-text-inner elementor-repeater-item-0241f80 active-link-item\">\r\n\t\t\t\t\t\t<span class=\"cmsmasters-widget-icon-list-item-text cmsmasters-widget-icon-list-item-text cmsmasters-widget-icon-list-item-text\">\r\n\t\t\t\t\t\t\t<a href=\"https:\/\/www.litemedics.com\/pl\/myzheus\/\"> myZHEUS<\/a>\t\t\t\t\t\t<\/span>\r\n\t\t\t\t\t\t\t\t\t\t\t<\/span>\r\n\t\t\t\t<\/span>\r\n\t\t\t\t\t\t\t\t<\/li>\r\n\t\t\t\t\t<\/ul>\r\n\t\t\t\t\t\t<\/div>\n\t\t\t\t<\/div>\n\t\t\t\t<\/div>\n\t\t\t\t\t<\/div>\n\t\t\t\t<\/div>\n\t\t\t\t<\/div>\n\t\t","protected":false},"excerpt":{"rendered":"<p>Stomatologia estetyczna Wybielanie z\u0119b\u00f3w przy u\u017cyciu lasera diodowego pozwala szybko i skutecznie uzyska\u0107 naturalny, bia\u0142y kolor zdrowych z\u0119b\u00f3w w spos\u00f3b szybki i skuteczny, bez ryzyka uszkodze\u0144 czy nadwra\u017cliwo\u015bci. Wykorzystanie lasera do \u201eaktywacji\u201d nadtlenku przyspiesza proces aplikacji, skracaj\u0105c sesj\u0119 wybielania do zaledwie 30 minut. W stomatologii estetycznej laser sprawdza si\u0119 r\u00f3wnie\u017c w zabiegach depigmentacji dzi\u0105se\u0142 oraz&#8230;<\/p>\n","protected":false},"author":3,"featured_media":0,"parent":0,"menu_order":0,"comment_status":"closed","ping_status":"closed","template":"","meta":{"_acf_changed":false,"footnotes":""},"class_list":["post-42914","page","type-page","status-publish","hentry"],"acf":[],"yoast_head":"<!-- This site is optimized with the Yoast SEO plugin v27.2 - https:\/\/yoast.com\/product\/yoast-seo-wordpress\/ -->\n<title>Zastosowania laser\u00f3w w estetyce stomatologicznej \u2013 Litemedics<\/title>\n<meta name=\"description\" content=\"Odkryj zastosowania laser\u00f3w Litemedics w estetyce stomatologicznej.\" \/>\n<meta name=\"robots\" content=\"index, follow, max-snippet:-1, max-image-preview:large, max-video-preview:-1\" \/>\n<link rel=\"canonical\" href=\"https:\/\/www.litemedics.com\/pl\/estetyka-stomatologiczna\/\" \/>\n<meta property=\"og:locale\" content=\"pl_PL\" \/>\n<meta property=\"og:type\" content=\"article\" \/>\n<meta property=\"og:title\" content=\"Zastosowania laser\u00f3w w estetyce stomatologicznej \u2013 Litemedics\" \/>\n<meta property=\"og:description\" content=\"Odkryj zastosowania laser\u00f3w Litemedics w estetyce stomatologicznej.\" \/>\n<meta property=\"og:url\" content=\"https:\/\/www.litemedics.com\/pl\/estetyka-stomatologiczna\/\" \/>\n<meta property=\"og:site_name\" content=\"Litemedics\" \/>\n<meta property=\"article:modified_time\" content=\"2026-03-05T13:09:11+00:00\" \/>\n<meta name=\"twitter:card\" content=\"summary_large_image\" \/>\n<script type=\"application\/ld+json\" class=\"yoast-schema-graph\">{\"@context\":\"https:\/\/schema.org\",\"@graph\":[{\"@type\":\"WebPage\",\"@id\":\"https:\/\/www.litemedics.com\/pl\/estetyka-stomatologiczna\/\",\"url\":\"https:\/\/www.litemedics.com\/pl\/estetyka-stomatologiczna\/\",\"name\":\"Zastosowania laser\u00f3w w estetyce stomatologicznej \u2013 Litemedics\",\"isPartOf\":{\"@id\":\"https:\/\/www.litemedics.com\/pl\/#website\"},\"datePublished\":\"2025-10-20T15:26:48+00:00\",\"dateModified\":\"2026-03-05T13:09:11+00:00\",\"description\":\"Odkryj zastosowania laser\u00f3w Litemedics w estetyce stomatologicznej.\",\"breadcrumb\":{\"@id\":\"https:\/\/www.litemedics.com\/pl\/estetyka-stomatologiczna\/#breadcrumb\"},\"inLanguage\":\"pl-PL\",\"potentialAction\":[{\"@type\":\"ReadAction\",\"target\":[\"https:\/\/www.litemedics.com\/pl\/estetyka-stomatologiczna\/\"]}]},{\"@type\":\"BreadcrumbList\",\"@id\":\"https:\/\/www.litemedics.com\/pl\/estetyka-stomatologiczna\/#breadcrumb\",\"itemListElement\":[{\"@type\":\"ListItem\",\"position\":1,\"name\":\"Home\",\"item\":\"https:\/\/www.litemedics.com\/pl\/\"},{\"@type\":\"ListItem\",\"position\":2,\"name\":\"Estetyka stomatologiczna\"}]},{\"@type\":\"WebSite\",\"@id\":\"https:\/\/www.litemedics.com\/pl\/#website\",\"url\":\"https:\/\/www.litemedics.com\/pl\/\",\"name\":\"Litemedics\",\"description\":\"Laser Odontoiatrici Litemedics\",\"potentialAction\":[{\"@type\":\"SearchAction\",\"target\":{\"@type\":\"EntryPoint\",\"urlTemplate\":\"https:\/\/www.litemedics.com\/pl\/?s={search_term_string}\"},\"query-input\":{\"@type\":\"PropertyValueSpecification\",\"valueRequired\":true,\"valueName\":\"search_term_string\"}}],\"inLanguage\":\"pl-PL\"}]}<\/script>\n<!-- \/ Yoast SEO plugin. -->","yoast_head_json":{"title":"Zastosowania laser\u00f3w w estetyce stomatologicznej \u2013 Litemedics","description":"Odkryj zastosowania laser\u00f3w Litemedics w estetyce stomatologicznej.","robots":{"index":"index","follow":"follow","max-snippet":"max-snippet:-1","max-image-preview":"max-image-preview:large","max-video-preview":"max-video-preview:-1"},"canonical":"https:\/\/www.litemedics.com\/pl\/estetyka-stomatologiczna\/","og_locale":"pl_PL","og_type":"article","og_title":"Zastosowania laser\u00f3w w estetyce stomatologicznej \u2013 Litemedics","og_description":"Odkryj zastosowania laser\u00f3w Litemedics w estetyce stomatologicznej.","og_url":"https:\/\/www.litemedics.com\/pl\/estetyka-stomatologiczna\/","og_site_name":"Litemedics","article_modified_time":"2026-03-05T13:09:11+00:00","twitter_card":"summary_large_image","schema":{"@context":"https:\/\/schema.org","@graph":[{"@type":"WebPage","@id":"https:\/\/www.litemedics.com\/pl\/estetyka-stomatologiczna\/","url":"https:\/\/www.litemedics.com\/pl\/estetyka-stomatologiczna\/","name":"Zastosowania laser\u00f3w w estetyce stomatologicznej \u2013 Litemedics","isPartOf":{"@id":"https:\/\/www.litemedics.com\/pl\/#website"},"datePublished":"2025-10-20T15:26:48+00:00","dateModified":"2026-03-05T13:09:11+00:00","description":"Odkryj zastosowania laser\u00f3w Litemedics w estetyce stomatologicznej.","breadcrumb":{"@id":"https:\/\/www.litemedics.com\/pl\/estetyka-stomatologiczna\/#breadcrumb"},"inLanguage":"pl-PL","potentialAction":[{"@type":"ReadAction","target":["https:\/\/www.litemedics.com\/pl\/estetyka-stomatologiczna\/"]}]},{"@type":"BreadcrumbList","@id":"https:\/\/www.litemedics.com\/pl\/estetyka-stomatologiczna\/#breadcrumb","itemListElement":[{"@type":"ListItem","position":1,"name":"Home","item":"https:\/\/www.litemedics.com\/pl\/"},{"@type":"ListItem","position":2,"name":"Estetyka stomatologiczna"}]},{"@type":"WebSite","@id":"https:\/\/www.litemedics.com\/pl\/#website","url":"https:\/\/www.litemedics.com\/pl\/","name":"Litemedics","description":"Laser Odontoiatrici Litemedics","potentialAction":[{"@type":"SearchAction","target":{"@type":"EntryPoint","urlTemplate":"https:\/\/www.litemedics.com\/pl\/?s={search_term_string}"},"query-input":{"@type":"PropertyValueSpecification","valueRequired":true,"valueName":"search_term_string"}}],"inLanguage":"pl-PL"}]}},"_links":{"self":[{"href":"https:\/\/www.litemedics.com\/pl\/wp-json\/wp\/v2\/pages\/42914","targetHints":{"allow":["GET"]}}],"collection":[{"href":"https:\/\/www.litemedics.com\/pl\/wp-json\/wp\/v2\/pages"}],"about":[{"href":"https:\/\/www.litemedics.com\/pl\/wp-json\/wp\/v2\/types\/page"}],"author":[{"embeddable":true,"href":"https:\/\/www.litemedics.com\/pl\/wp-json\/wp\/v2\/users\/3"}],"replies":[{"embeddable":true,"href":"https:\/\/www.litemedics.com\/pl\/wp-json\/wp\/v2\/comments?post=42914"}],"version-history":[{"count":5,"href":"https:\/\/www.litemedics.com\/pl\/wp-json\/wp\/v2\/pages\/42914\/revisions"}],"predecessor-version":[{"id":43066,"href":"https:\/\/www.litemedics.com\/pl\/wp-json\/wp\/v2\/pages\/42914\/revisions\/43066"}],"wp:attachment":[{"href":"https:\/\/www.litemedics.com\/pl\/wp-json\/wp\/v2\/media?parent=42914"}],"curies":[{"name":"wp","href":"https:\/\/api.w.org\/{rel}","templated":true}]}}