{"id":42615,"date":"2025-10-20T17:40:14","date_gmt":"2025-10-20T15:40:14","guid":{"rendered":"https:\/\/www.litemedics.com\/estetica-mininvasiva-del-viso\/"},"modified":"2026-03-06T15:42:45","modified_gmt":"2026-03-06T14:42:45","slug":"esthetique-du-visage","status":"publish","type":"page","link":"https:\/\/www.litemedics.com\/fr\/esthetique-du-visage\/","title":{"rendered":"Esth\u00e9tique du visage"},"content":{"rendered":"\t\t<div data-elementor-type=\"wp-page\" data-elementor-id=\"42615\" class=\"elementor elementor-42615 elementor-39353\">\n\t\t\t\t<div class=\"elementor-element elementor-element-17ea4ca e-flex e-con-boxed cmsmasters-block-default e-con e-parent\" data-id=\"17ea4ca\" data-element_type=\"container\" data-e-type=\"container\">\n\t\t\t\t\t<div class=\"e-con-inner\">\n\t\t<div class=\"elementor-element elementor-element-d5f680e e-con-full e-flex cmsmasters-block-default e-con e-child\" data-id=\"d5f680e\" data-element_type=\"container\" data-e-type=\"container\">\n\t\t\t\t<div class=\"elementor-element elementor-element-281e15d cmsmasters-block-default cmsmasters-sticky-default elementor-widget elementor-widget-heading\" data-id=\"281e15d\" data-element_type=\"widget\" data-e-type=\"widget\" data-widget_type=\"heading.default\">\n\t\t\t\t\t<h2 class=\"elementor-heading-title elementor-size-default\">Esth\u00e9tique mini-invasive du visage<\/h2>\t\t\t\t<\/div>\n\t\t\t\t<div class=\"elementor-element elementor-element-857ce6f cmsmasters-block-default cmsmasters-sticky-default elementor-widget elementor-widget-text-editor\" data-id=\"857ce6f\" data-element_type=\"widget\" data-e-type=\"widget\" data-widget_type=\"text-editor.default\">\n\t\t\t\t\t\t\t\t\t<p data-start=\"0\" data-end=\"197\">Gr\u00e2ce \u00e0 des pi\u00e8ces \u00e0 main sp\u00e9cifiques et \u00e0 l\u2019int\u00e9gration de logiciels d\u00e9di\u00e9s, les lasers Litemedics deviennent <strong data-start=\"111\" data-end=\"196\">un alli\u00e9 pr\u00e9cieux \u00e9galement dans les traitements de m\u00e9decine esth\u00e9tique du visage<\/strong>.<\/p><p data-start=\"199\" data-end=\"588\">Avec <strong data-start=\"204\" data-end=\"222\">le laser diode<\/strong>, il est possible d\u2019\u00e9liminer chirurgicalement des k\u00e9ratoses et des fibromes pendulaires, de d\u00e9pigmenter les taches s\u00e9niles et celles dues \u00e0 une surexposition solaire, de r\u00e9duire le rel\u00e2chement cutan\u00e9 et les rides superficielles. De plus, le laser permet de traiter des imperfections vasculaires telles que <strong data-start=\"528\" data-end=\"547\">les spider n\u00e6vi<\/strong>, les t\u00e9langiectasies et les capillaires.<\/p><p data-start=\"590\" data-end=\"1037\">Avec <strong data-start=\"595\" data-end=\"614\">le laser erbium<\/strong>, il est possible d\u2019effectuer des interventions de resurfacing cutan\u00e9, de traiter des l\u00e9sions cutan\u00e9es comme les xanth\u00e9lasmas, les cicatrices atrophiques et hypertrophiques, les k\u00e9ratoses s\u00e9borrh\u00e9iques, les verrues planes, les lentigos s\u00e9niles, les grains de milium, les m\u00e9lasmas et les n\u00e6vus dermiques ; de retirer les h\u00e9mangiomes et <strong data-start=\"949\" data-end=\"995\">d\u2019am\u00e9liorer le volume et le ton des l\u00e8vres<\/strong> gr\u00e2ce aux traitements de <strong data-start=\"1021\" data-end=\"1036\">lip pulping<\/strong>.<\/p><p data-start=\"1039\" data-end=\"1499\" data-is-last-node=\"\" data-is-only-node=\"\">En int\u00e9grant la technologie Litemedics dans votre cabinet, vous pouvez <strong data-start=\"1110\" data-end=\"1142\">\u00e9largir votre offre clinique<\/strong> avec de nouvelles opportunit\u00e9s th\u00e9rapeutiques, <strong data-start=\"1190\" data-end=\"1264\">augmentant ainsi les plans de traitement disponibles pour vos patients<\/strong>.<br data-start=\"1265\" data-end=\"1268\" \/>De plus, l\u2019introduction de prestations th\u00e9rapeutiques \u00e0 <strong data-start=\"1324\" data-end=\"1347\">forte valeur per\u00e7ue<\/strong> am\u00e9liore non seulement <strong data-start=\"1371\" data-end=\"1422\">la satisfaction et la fid\u00e9lisation des patients<\/strong>, mais contribue \u00e9galement <strong data-start=\"1449\" data-end=\"1498\">\u00e0 augmenter la rentabilit\u00e9 globale du cabinet<\/strong>.<\/p>\t\t\t\t\t\t\t\t<\/div>\n\t\t\t\t<\/div>\n\t\t<div class=\"elementor-element elementor-element-750b61b e-con-full e-flex cmsmasters-block-default e-con e-child\" data-id=\"750b61b\" data-element_type=\"container\" data-e-type=\"container\">\n\t\t<div class=\"elementor-element elementor-element-2e8403b e-con-full e-flex cmsmasters-block-default e-con e-child\" data-id=\"2e8403b\" data-element_type=\"container\" data-e-type=\"container\" data-settings=\"{&quot;background_background&quot;:&quot;classic&quot;}\">\n\t\t\t\t<div data-separate-animation-selector=\".cmsmasters-widget-icon-list-item\" data-text-animation-class=\"sequental, random, line, word, char\" class=\"elementor-element elementor-element-47d58a3 cmsmasters-widget-layout-row cmsmasters-widget-align-stretch cmsmasters-widget-direction-default cmsmasters-widget-marker-element-icon cmsmasters-widget-marker-view-default cmsmasters-block-default cmsmasters-sticky-default elementor-widget elementor-widget-cmsmasters-icon-list cmsmasters-widget-icon-list\" data-id=\"47d58a3\" data-element_type=\"widget\" data-e-type=\"widget\" data-widget_type=\"cmsmasters-icon-list.default\">\n\t\t\t\t\t\t\t<ul class=\"cmsmasters-widget-icon-list-items\">\r\n\t\t\t\t\t\t\t<li class=\"cmsmasters-widget-icon-list-item active-icon-item\">\r\n\t\t\t\t\t\t\t\t<span class=\"cmsmasters-widget-icon-list-item-text-wrap\">\r\n\t\t\t\t\t\t\t\t\t\t\t<span class=\"cmsmasters-widget-icon-list-item-icon\">\r\n\t\t\t\t\t\t\t<span>\r\n\t\t\t\t\t\t\t\t\t\t\t\t\t\t\t\t\t<svg aria-hidden=\"true\" class=\"e-font-icon-svg e-fas-check\" viewBox=\"0 0 512 512\" xmlns=\"http:\/\/www.w3.org\/2000\/svg\"><path d=\"M173.898 439.404l-166.4-166.4c-9.997-9.997-9.997-26.206 0-36.204l36.203-36.204c9.997-9.998 26.207-9.998 36.204 0L192 312.69 432.095 72.596c9.997-9.997 26.207-9.997 36.204 0l36.203 36.204c9.997 9.997 9.997 26.206 0 36.204l-294.4 294.401c-9.998 9.997-26.207 9.997-36.204-.001z\"><\/path><\/svg>\t\t\t\t\t\t\t\t\t\t\t\t\t\t\t<\/span>\r\n\t\t\t\t\t\t<\/span>\r\n\t\t\t\t\t\t\t\t\t\t<span class=\"cmsmasters-widget-icon-list-item-text-inner elementor-repeater-item-c2e427f\">\r\n\t\t\t\t\t\t<span class=\"cmsmasters-widget-icon-list-item-text\">\r\n\t\t\t\t\t\t\tChirurgie dermatologique\t\t\t\t\t\t<\/span>\r\n\t\t\t\t\t\t\t\t\t\t\t<\/span>\r\n\t\t\t\t<\/span>\r\n\t\t\t\t\t\t\t\t<\/li>\r\n\t\t\t\t\t\t\t<li class=\"cmsmasters-widget-icon-list-item active-icon-item\">\r\n\t\t\t\t\t\t\t\t<span class=\"cmsmasters-widget-icon-list-item-text-wrap\">\r\n\t\t\t\t\t\t\t\t\t\t\t<span class=\"cmsmasters-widget-icon-list-item-icon\">\r\n\t\t\t\t\t\t\t<span>\r\n\t\t\t\t\t\t\t\t\t\t\t\t\t\t\t\t\t<svg aria-hidden=\"true\" class=\"e-font-icon-svg e-fas-check\" viewBox=\"0 0 512 512\" xmlns=\"http:\/\/www.w3.org\/2000\/svg\"><path d=\"M173.898 439.404l-166.4-166.4c-9.997-9.997-9.997-26.206 0-36.204l36.203-36.204c9.997-9.998 26.207-9.998 36.204 0L192 312.69 432.095 72.596c9.997-9.997 26.207-9.997 36.204 0l36.203 36.204c9.997 9.997 9.997 26.206 0 36.204l-294.4 294.401c-9.998 9.997-26.207 9.997-36.204-.001z\"><\/path><\/svg>\t\t\t\t\t\t\t\t\t\t\t\t\t\t\t<\/span>\r\n\t\t\t\t\t\t<\/span>\r\n\t\t\t\t\t\t\t\t\t\t<span class=\"cmsmasters-widget-icon-list-item-text-inner elementor-repeater-item-fac0f6d\">\r\n\t\t\t\t\t\t<span class=\"cmsmasters-widget-icon-list-item-text cmsmasters-widget-icon-list-item-text\">\r\n\t\t\t\t\t\t\tD\u00e9pigmentation cutan\u00e9e\t\t\t\t\t\t<\/span>\r\n\t\t\t\t\t\t\t\t\t\t\t<\/span>\r\n\t\t\t\t<\/span>\r\n\t\t\t\t\t\t\t\t<\/li>\r\n\t\t\t\t\t\t\t<li class=\"cmsmasters-widget-icon-list-item active-icon-item\">\r\n\t\t\t\t\t\t\t\t<span class=\"cmsmasters-widget-icon-list-item-text-wrap\">\r\n\t\t\t\t\t\t\t\t\t\t\t<span class=\"cmsmasters-widget-icon-list-item-icon\">\r\n\t\t\t\t\t\t\t<span>\r\n\t\t\t\t\t\t\t\t\t\t\t\t\t\t\t\t\t<svg aria-hidden=\"true\" class=\"e-font-icon-svg e-fas-check\" viewBox=\"0 0 512 512\" xmlns=\"http:\/\/www.w3.org\/2000\/svg\"><path d=\"M173.898 439.404l-166.4-166.4c-9.997-9.997-9.997-26.206 0-36.204l36.203-36.204c9.997-9.998 26.207-9.998 36.204 0L192 312.69 432.095 72.596c9.997-9.997 26.207-9.997 36.204 0l36.203 36.204c9.997 9.997 9.997 26.206 0 36.204l-294.4 294.401c-9.998 9.997-26.207 9.997-36.204-.001z\"><\/path><\/svg>\t\t\t\t\t\t\t\t\t\t\t\t\t\t\t<\/span>\r\n\t\t\t\t\t\t<\/span>\r\n\t\t\t\t\t\t\t\t\t\t<span class=\"cmsmasters-widget-icon-list-item-text-inner elementor-repeater-item-f86804a\">\r\n\t\t\t\t\t\t<span class=\"cmsmasters-widget-icon-list-item-text cmsmasters-widget-icon-list-item-text cmsmasters-widget-icon-list-item-text\">\r\n\t\t\t\t\t\t\tPhotobiorajeunissement cutan\u00e9\t\t\t\t\t\t<\/span>\r\n\t\t\t\t\t\t\t\t\t\t\t<\/span>\r\n\t\t\t\t<\/span>\r\n\t\t\t\t\t\t\t\t<\/li>\r\n\t\t\t\t\t\t\t<li class=\"cmsmasters-widget-icon-list-item active-icon-item\">\r\n\t\t\t\t\t\t\t\t<span class=\"cmsmasters-widget-icon-list-item-text-wrap\">\r\n\t\t\t\t\t\t\t\t\t\t\t<span class=\"cmsmasters-widget-icon-list-item-icon\">\r\n\t\t\t\t\t\t\t<span>\r\n\t\t\t\t\t\t\t\t\t\t\t\t\t\t\t\t\t<svg aria-hidden=\"true\" class=\"e-font-icon-svg e-fas-check\" viewBox=\"0 0 512 512\" xmlns=\"http:\/\/www.w3.org\/2000\/svg\"><path d=\"M173.898 439.404l-166.4-166.4c-9.997-9.997-9.997-26.206 0-36.204l36.203-36.204c9.997-9.998 26.207-9.998 36.204 0L192 312.69 432.095 72.596c9.997-9.997 26.207-9.997 36.204 0l36.203 36.204c9.997 9.997 9.997 26.206 0 36.204l-294.4 294.401c-9.998 9.997-26.207 9.997-36.204-.001z\"><\/path><\/svg>\t\t\t\t\t\t\t\t\t\t\t\t\t\t\t<\/span>\r\n\t\t\t\t\t\t<\/span>\r\n\t\t\t\t\t\t\t\t\t\t<span class=\"cmsmasters-widget-icon-list-item-text-inner elementor-repeater-item-1fbe9e3\">\r\n\t\t\t\t\t\t<span class=\"cmsmasters-widget-icon-list-item-text cmsmasters-widget-icon-list-item-text cmsmasters-widget-icon-list-item-text cmsmasters-widget-icon-list-item-text\">\r\n\t\t\t\t\t\t\tTh\u00e9rapie vasculaire\t\t\t\t\t\t<\/span>\r\n\t\t\t\t\t\t\t\t\t\t\t<\/span>\r\n\t\t\t\t<\/span>\r\n\t\t\t\t\t\t\t\t<\/li>\r\n\t\t\t\t\t\t\t<li class=\"cmsmasters-widget-icon-list-item active-icon-item\">\r\n\t\t\t\t\t\t\t\t<span class=\"cmsmasters-widget-icon-list-item-text-wrap\">\r\n\t\t\t\t\t\t\t\t\t\t\t<span class=\"cmsmasters-widget-icon-list-item-icon\">\r\n\t\t\t\t\t\t\t<span>\r\n\t\t\t\t\t\t\t\t\t\t\t\t\t\t\t\t\t<svg aria-hidden=\"true\" class=\"e-font-icon-svg e-fas-check\" viewBox=\"0 0 512 512\" xmlns=\"http:\/\/www.w3.org\/2000\/svg\"><path d=\"M173.898 439.404l-166.4-166.4c-9.997-9.997-9.997-26.206 0-36.204l36.203-36.204c9.997-9.998 26.207-9.998 36.204 0L192 312.69 432.095 72.596c9.997-9.997 26.207-9.997 36.204 0l36.203 36.204c9.997 9.997 9.997 26.206 0 36.204l-294.4 294.401c-9.998 9.997-26.207 9.997-36.204-.001z\"><\/path><\/svg>\t\t\t\t\t\t\t\t\t\t\t\t\t\t\t<\/span>\r\n\t\t\t\t\t\t<\/span>\r\n\t\t\t\t\t\t\t\t\t\t<span class=\"cmsmasters-widget-icon-list-item-text-inner elementor-repeater-item-91c83a4\">\r\n\t\t\t\t\t\t<span class=\"cmsmasters-widget-icon-list-item-text cmsmasters-widget-icon-list-item-text cmsmasters-widget-icon-list-item-text cmsmasters-widget-icon-list-item-text cmsmasters-widget-icon-list-item-text\">\r\n\t\t\t\t\t\t\tTraitement des l\u00e9sions cutan\u00e9es\t\t\t\t\t\t<\/span>\r\n\t\t\t\t\t\t\t\t\t\t\t<\/span>\r\n\t\t\t\t<\/span>\r\n\t\t\t\t\t\t\t\t<\/li>\r\n\t\t\t\t\t\t\t<li class=\"cmsmasters-widget-icon-list-item active-icon-item\">\r\n\t\t\t\t\t\t\t\t<span class=\"cmsmasters-widget-icon-list-item-text-wrap\">\r\n\t\t\t\t\t\t\t\t\t\t\t<span class=\"cmsmasters-widget-icon-list-item-icon\">\r\n\t\t\t\t\t\t\t<span>\r\n\t\t\t\t\t\t\t\t\t\t\t\t\t\t\t\t\t<svg aria-hidden=\"true\" class=\"e-font-icon-svg e-fas-check\" viewBox=\"0 0 512 512\" xmlns=\"http:\/\/www.w3.org\/2000\/svg\"><path d=\"M173.898 439.404l-166.4-166.4c-9.997-9.997-9.997-26.206 0-36.204l36.203-36.204c9.997-9.998 26.207-9.998 36.204 0L192 312.69 432.095 72.596c9.997-9.997 26.207-9.997 36.204 0l36.203 36.204c9.997 9.997 9.997 26.206 0 36.204l-294.4 294.401c-9.998 9.997-26.207 9.997-36.204-.001z\"><\/path><\/svg>\t\t\t\t\t\t\t\t\t\t\t\t\t\t\t<\/span>\r\n\t\t\t\t\t\t<\/span>\r\n\t\t\t\t\t\t\t\t\t\t<span class=\"cmsmasters-widget-icon-list-item-text-inner elementor-repeater-item-c8e0cc1\">\r\n\t\t\t\t\t\t<span class=\"cmsmasters-widget-icon-list-item-text cmsmasters-widget-icon-list-item-text cmsmasters-widget-icon-list-item-text cmsmasters-widget-icon-list-item-text cmsmasters-widget-icon-list-item-text cmsmasters-widget-icon-list-item-text\">\r\n\t\t\t\t\t\t\tAblation d\u2019h\u00e9mangiomes\t\t\t\t\t\t<\/span>\r\n\t\t\t\t\t\t\t\t\t\t\t<\/span>\r\n\t\t\t\t<\/span>\r\n\t\t\t\t\t\t\t\t<\/li>\r\n\t\t\t\t\t\t\t<li class=\"cmsmasters-widget-icon-list-item active-icon-item\">\r\n\t\t\t\t\t\t\t\t<span class=\"cmsmasters-widget-icon-list-item-text-wrap\">\r\n\t\t\t\t\t\t\t\t\t\t\t<span class=\"cmsmasters-widget-icon-list-item-icon\">\r\n\t\t\t\t\t\t\t<span>\r\n\t\t\t\t\t\t\t\t\t\t\t\t\t\t\t\t\t<svg aria-hidden=\"true\" class=\"e-font-icon-svg e-fas-check\" viewBox=\"0 0 512 512\" xmlns=\"http:\/\/www.w3.org\/2000\/svg\"><path d=\"M173.898 439.404l-166.4-166.4c-9.997-9.997-9.997-26.206 0-36.204l36.203-36.204c9.997-9.998 26.207-9.998 36.204 0L192 312.69 432.095 72.596c9.997-9.997 26.207-9.997 36.204 0l36.203 36.204c9.997 9.997 9.997 26.206 0 36.204l-294.4 294.401c-9.998 9.997-26.207 9.997-36.204-.001z\"><\/path><\/svg>\t\t\t\t\t\t\t\t\t\t\t\t\t\t\t<\/span>\r\n\t\t\t\t\t\t<\/span>\r\n\t\t\t\t\t\t\t\t\t\t<span class=\"cmsmasters-widget-icon-list-item-text-inner elementor-repeater-item-5512ba3\">\r\n\t\t\t\t\t\t<span class=\"cmsmasters-widget-icon-list-item-text cmsmasters-widget-icon-list-item-text cmsmasters-widget-icon-list-item-text cmsmasters-widget-icon-list-item-text cmsmasters-widget-icon-list-item-text cmsmasters-widget-icon-list-item-text cmsmasters-widget-icon-list-item-text\">\r\n\t\t\t\t\t\t\tLip pulping\t\t\t\t\t\t<\/span>\r\n\t\t\t\t\t\t\t\t\t\t\t<\/span>\r\n\t\t\t\t<\/span>\r\n\t\t\t\t\t\t\t\t<\/li>\r\n\t\t\t\t\t<\/ul>\r\n\t\t\t\t\t\t<\/div>\n\t\t\t\t<\/div>\n\t\t<div class=\"elementor-element elementor-element-004903a e-con-full e-flex cmsmasters-block-default e-con e-child\" data-id=\"004903a\" data-element_type=\"container\" data-e-type=\"container\" data-settings=\"{&quot;background_background&quot;:&quot;classic&quot;}\">\n\t\t\t\t<div class=\"elementor-element elementor-element-98d8390 cmsmasters-block-default cmsmasters-sticky-default elementor-widget elementor-widget-heading\" data-id=\"98d8390\" data-element_type=\"widget\" data-e-type=\"widget\" data-widget_type=\"heading.default\">\n\t\t\t\t\t<h2 class=\"elementor-heading-title elementor-size-default\">LASERS AVEC APPLICATIONS EN <br>ESTH\u00c9TIQUE DU VISAGE<\/h2>\t\t\t\t<\/div>\n\t\t\t\t<div data-separate-animation-selector=\".cmsmasters-widget-icon-list-item\" data-text-animation-class=\"sequental, random, line, word, char\" class=\"elementor-element elementor-element-e1c2c08 cmsmasters-widget-layout-row cmsmasters-widget-align-stretch cmsmasters-widget-direction-default cmsmasters-widget-marker-element-icon cmsmasters-widget-marker-view-default cmsmasters-block-default cmsmasters-sticky-default elementor-widget elementor-widget-cmsmasters-icon-list cmsmasters-widget-icon-list\" data-id=\"e1c2c08\" data-element_type=\"widget\" data-e-type=\"widget\" data-widget_type=\"cmsmasters-icon-list.default\">\n\t\t\t\t\t\t\t<ul class=\"cmsmasters-widget-icon-list-items\">\r\n\t\t\t\t\t\t\t<li class=\"cmsmasters-widget-icon-list-item active-icon-item\">\r\n\t\t\t\t\t\t\t\t<span class=\"cmsmasters-widget-icon-list-item-text-wrap\">\r\n\t\t\t\t\t\t\t\t\t\t\t<span class=\"cmsmasters-widget-icon-list-item-icon\">\r\n\t\t\t\t\t\t\t<span>\r\n\t\t\t\t\t\t\t\t\t\t\t\t\t\t\t\t\t<i aria-hidden=\"true\" class=\"cmsdemo-icon- cms-demo-icon-arrow-diagonal\"><\/i>\t\t\t\t\t\t\t\t\t\t\t\t\t\t\t<\/span>\r\n\t\t\t\t\t\t<\/span>\r\n\t\t\t\t\t\t\t\t\t\t<span class=\"cmsmasters-widget-icon-list-item-text-inner elementor-repeater-item-fac0f6d active-link-item\">\r\n\t\t\t\t\t\t<span class=\"cmsmasters-widget-icon-list-item-text\">\r\n\t\t\t\t\t\t\t<a href=\"https:\/\/litemedics.com\/fr\/myathena\"> myATHENA<\/a>\t\t\t\t\t\t<\/span>\r\n\t\t\t\t\t\t\t\t\t\t\t<\/span>\r\n\t\t\t\t<\/span>\r\n\t\t\t\t\t\t\t\t<\/li>\r\n\t\t\t\t\t\t\t<li class=\"cmsmasters-widget-icon-list-item active-icon-item\">\r\n\t\t\t\t\t\t\t\t<span class=\"cmsmasters-widget-icon-list-item-text-wrap\">\r\n\t\t\t\t\t\t\t\t\t\t\t<span class=\"cmsmasters-widget-icon-list-item-icon\">\r\n\t\t\t\t\t\t\t<span>\r\n\t\t\t\t\t\t\t\t\t\t\t\t\t\t\t\t\t<i aria-hidden=\"true\" class=\"cmsdemo-icon- cms-demo-icon-arrow-diagonal\"><\/i>\t\t\t\t\t\t\t\t\t\t\t\t\t\t\t<\/span>\r\n\t\t\t\t\t\t<\/span>\r\n\t\t\t\t\t\t\t\t\t\t<span class=\"cmsmasters-widget-icon-list-item-text-inner elementor-repeater-item-0241f80 active-link-item\">\r\n\t\t\t\t\t\t<span class=\"cmsmasters-widget-icon-list-item-text cmsmasters-widget-icon-list-item-text\">\r\n\t\t\t\t\t\t\t<a href=\"https:\/\/litemedics.com\/fr\/myzheus\"> myZHEUS<\/a>\t\t\t\t\t\t<\/span>\r\n\t\t\t\t\t\t\t\t\t\t\t<\/span>\r\n\t\t\t\t<\/span>\r\n\t\t\t\t\t\t\t\t<\/li>\r\n\t\t\t\t\t<\/ul>\r\n\t\t\t\t\t\t<\/div>\n\t\t\t\t<\/div>\n\t\t\t\t<\/div>\n\t\t\t\t\t<\/div>\n\t\t\t\t<\/div>\n\t\t\t\t<\/div>\n\t\t","protected":false},"excerpt":{"rendered":"<p>Esth\u00e9tique mini-invasive du visage Gr\u00e2ce \u00e0 des pi\u00e8ces \u00e0 main sp\u00e9cifiques et \u00e0 l\u2019int\u00e9gration de logiciels d\u00e9di\u00e9s, les lasers Litemedics deviennent un alli\u00e9 pr\u00e9cieux \u00e9galement dans les traitements de m\u00e9decine esth\u00e9tique du visage. Avec le laser diode, il est possible d\u2019\u00e9liminer chirurgicalement des k\u00e9ratoses et des fibromes pendulaires, de d\u00e9pigmenter les taches s\u00e9niles et celles&#8230;<\/p>\n","protected":false},"author":3,"featured_media":0,"parent":0,"menu_order":0,"comment_status":"closed","ping_status":"closed","template":"","meta":{"_acf_changed":false,"footnotes":""},"class_list":["post-42615","page","type-page","status-publish","hentry"],"acf":[],"yoast_head":"<!-- This site is optimized with the Yoast SEO plugin v27.2 - https:\/\/yoast.com\/product\/yoast-seo-wordpress\/ -->\n<title>Applications du laser en esth\u00e9tique mini-invasive du visage \u2013 Litemedics<\/title>\n<meta name=\"description\" content=\"D\u00e9couvrez les applications des lasers Litemedics en esth\u00e9tique mini-invasive du visage.\" \/>\n<meta name=\"robots\" content=\"index, follow, max-snippet:-1, max-image-preview:large, max-video-preview:-1\" \/>\n<link rel=\"canonical\" href=\"https:\/\/www.litemedics.com\/fr\/esthetique-du-visage\/\" \/>\n<meta property=\"og:locale\" content=\"fr_FR\" \/>\n<meta property=\"og:type\" content=\"article\" \/>\n<meta property=\"og:title\" content=\"Applications du laser en esth\u00e9tique mini-invasive du visage \u2013 Litemedics\" \/>\n<meta property=\"og:description\" content=\"D\u00e9couvrez les applications des lasers Litemedics en esth\u00e9tique mini-invasive du visage.\" \/>\n<meta property=\"og:url\" content=\"https:\/\/www.litemedics.com\/fr\/esthetique-du-visage\/\" \/>\n<meta property=\"og:site_name\" content=\"Litemedics\" \/>\n<meta property=\"article:modified_time\" content=\"2026-03-06T14:42:45+00:00\" \/>\n<meta name=\"twitter:card\" content=\"summary_large_image\" \/>\n<script type=\"application\/ld+json\" class=\"yoast-schema-graph\">{\"@context\":\"https:\/\/schema.org\",\"@graph\":[{\"@type\":\"WebPage\",\"@id\":\"https:\/\/www.litemedics.com\/fr\/esthetique-du-visage\/\",\"url\":\"https:\/\/www.litemedics.com\/fr\/esthetique-du-visage\/\",\"name\":\"Applications du laser en esth\u00e9tique mini-invasive du visage \u2013 Litemedics\",\"isPartOf\":{\"@id\":\"https:\/\/www.litemedics.com\/fr\/#website\"},\"datePublished\":\"2025-10-20T15:40:14+00:00\",\"dateModified\":\"2026-03-06T14:42:45+00:00\",\"description\":\"D\u00e9couvrez les applications des lasers Litemedics en esth\u00e9tique mini-invasive du visage.\",\"breadcrumb\":{\"@id\":\"https:\/\/www.litemedics.com\/fr\/esthetique-du-visage\/#breadcrumb\"},\"inLanguage\":\"fr-FR\",\"potentialAction\":[{\"@type\":\"ReadAction\",\"target\":[\"https:\/\/www.litemedics.com\/fr\/esthetique-du-visage\/\"]}]},{\"@type\":\"BreadcrumbList\",\"@id\":\"https:\/\/www.litemedics.com\/fr\/esthetique-du-visage\/#breadcrumb\",\"itemListElement\":[{\"@type\":\"ListItem\",\"position\":1,\"name\":\"Home\",\"item\":\"https:\/\/www.litemedics.com\/fr\/\"},{\"@type\":\"ListItem\",\"position\":2,\"name\":\"Esth\u00e9tique du visage\"}]},{\"@type\":\"WebSite\",\"@id\":\"https:\/\/www.litemedics.com\/fr\/#website\",\"url\":\"https:\/\/www.litemedics.com\/fr\/\",\"name\":\"Litemedics\",\"description\":\"Laser Odontoiatrici Litemedics\",\"potentialAction\":[{\"@type\":\"SearchAction\",\"target\":{\"@type\":\"EntryPoint\",\"urlTemplate\":\"https:\/\/www.litemedics.com\/fr\/?s={search_term_string}\"},\"query-input\":{\"@type\":\"PropertyValueSpecification\",\"valueRequired\":true,\"valueName\":\"search_term_string\"}}],\"inLanguage\":\"fr-FR\"}]}<\/script>\n<!-- \/ Yoast SEO plugin. -->","yoast_head_json":{"title":"Applications du laser en esth\u00e9tique mini-invasive du visage \u2013 Litemedics","description":"D\u00e9couvrez les applications des lasers Litemedics en esth\u00e9tique mini-invasive du visage.","robots":{"index":"index","follow":"follow","max-snippet":"max-snippet:-1","max-image-preview":"max-image-preview:large","max-video-preview":"max-video-preview:-1"},"canonical":"https:\/\/www.litemedics.com\/fr\/esthetique-du-visage\/","og_locale":"fr_FR","og_type":"article","og_title":"Applications du laser en esth\u00e9tique mini-invasive du visage \u2013 Litemedics","og_description":"D\u00e9couvrez les applications des lasers Litemedics en esth\u00e9tique mini-invasive du visage.","og_url":"https:\/\/www.litemedics.com\/fr\/esthetique-du-visage\/","og_site_name":"Litemedics","article_modified_time":"2026-03-06T14:42:45+00:00","twitter_card":"summary_large_image","schema":{"@context":"https:\/\/schema.org","@graph":[{"@type":"WebPage","@id":"https:\/\/www.litemedics.com\/fr\/esthetique-du-visage\/","url":"https:\/\/www.litemedics.com\/fr\/esthetique-du-visage\/","name":"Applications du laser en esth\u00e9tique mini-invasive du visage \u2013 Litemedics","isPartOf":{"@id":"https:\/\/www.litemedics.com\/fr\/#website"},"datePublished":"2025-10-20T15:40:14+00:00","dateModified":"2026-03-06T14:42:45+00:00","description":"D\u00e9couvrez les applications des lasers Litemedics en esth\u00e9tique mini-invasive du visage.","breadcrumb":{"@id":"https:\/\/www.litemedics.com\/fr\/esthetique-du-visage\/#breadcrumb"},"inLanguage":"fr-FR","potentialAction":[{"@type":"ReadAction","target":["https:\/\/www.litemedics.com\/fr\/esthetique-du-visage\/"]}]},{"@type":"BreadcrumbList","@id":"https:\/\/www.litemedics.com\/fr\/esthetique-du-visage\/#breadcrumb","itemListElement":[{"@type":"ListItem","position":1,"name":"Home","item":"https:\/\/www.litemedics.com\/fr\/"},{"@type":"ListItem","position":2,"name":"Esth\u00e9tique du visage"}]},{"@type":"WebSite","@id":"https:\/\/www.litemedics.com\/fr\/#website","url":"https:\/\/www.litemedics.com\/fr\/","name":"Litemedics","description":"Laser Odontoiatrici Litemedics","potentialAction":[{"@type":"SearchAction","target":{"@type":"EntryPoint","urlTemplate":"https:\/\/www.litemedics.com\/fr\/?s={search_term_string}"},"query-input":{"@type":"PropertyValueSpecification","valueRequired":true,"valueName":"search_term_string"}}],"inLanguage":"fr-FR"}]}},"_links":{"self":[{"href":"https:\/\/www.litemedics.com\/fr\/wp-json\/wp\/v2\/pages\/42615","targetHints":{"allow":["GET"]}}],"collection":[{"href":"https:\/\/www.litemedics.com\/fr\/wp-json\/wp\/v2\/pages"}],"about":[{"href":"https:\/\/www.litemedics.com\/fr\/wp-json\/wp\/v2\/types\/page"}],"author":[{"embeddable":true,"href":"https:\/\/www.litemedics.com\/fr\/wp-json\/wp\/v2\/users\/3"}],"replies":[{"embeddable":true,"href":"https:\/\/www.litemedics.com\/fr\/wp-json\/wp\/v2\/comments?post=42615"}],"version-history":[{"count":9,"href":"https:\/\/www.litemedics.com\/fr\/wp-json\/wp\/v2\/pages\/42615\/revisions"}],"predecessor-version":[{"id":43408,"href":"https:\/\/www.litemedics.com\/fr\/wp-json\/wp\/v2\/pages\/42615\/revisions\/43408"}],"wp:attachment":[{"href":"https:\/\/www.litemedics.com\/fr\/wp-json\/wp\/v2\/media?parent=42615"}],"curies":[{"name":"wp","href":"https:\/\/api.w.org\/{rel}","templated":true}]}}